{"id":1786,"date":"2021-03-17T13:58:03","date_gmt":"2021-03-17T12:58:03","guid":{"rendered":"http:\/\/goosmann.ct-it-gmbh.de\/?post_type=product&#038;p=1786"},"modified":"2025-09-18T17:39:46","modified_gmt":"2025-09-18T15:39:46","slug":"liebherr-r974-b-hd-litronic","status":"publish","type":"product","link":"https:\/\/goosmann-baumaschinen.de\/en\/produkt\/liebherr-r974-b-hd-litronic\/","title":{"rendered":"Liebherr R974 B HD Litronic"},"content":{"rendered":"<p><strong>Baujahr:<\/strong><br \/>\n2004<\/p>\n","protected":false},"excerpt":{"rendered":"<p>CE-Maschine, Monoausleger, Hochl\u00f6ffel, L\u00f6ffelstiel LS 3.300 mm, Abbruchgitter, Kabinenerh\u00f6hung 1.200 mm, Klima, Zentralschmierung, Schnellwechsler, Laufwerk 60% gut<\/p>\n","protected":false},"featured_media":437,"template":"","meta":{"neve_meta_sidebar":"","neve_meta_container":"","neve_meta_enable_content_width":"off","neve_meta_content_width":100,"neve_meta_title_alignment":"","neve_meta_author_avatar":"","neve_post_elements_order":"","neve_meta_disable_header":"","neve_meta_disable_footer":"","neve_meta_disable_title":"","neve_meta_reading_time":""},"product_brand":[],"product_cat":[19,143],"product_tag":[],"class_list":{"0":"post-1786","1":"product","2":"type-product","3":"status-publish","4":"has-post-thumbnail","6":"product_cat-bagger","7":"product_cat-raupenbagger-bagger","9":"first","10":"instock","11":"shipping-taxable","12":"product-type-simple"},"_links":{"self":[{"href":"https:\/\/goosmann-baumaschinen.de\/en\/wp-json\/wp\/v2\/product\/1786","targetHints":{"allow":["GET"]}}],"collection":[{"href":"https:\/\/goosmann-baumaschinen.de\/en\/wp-json\/wp\/v2\/product"}],"about":[{"href":"https:\/\/goosmann-baumaschinen.de\/en\/wp-json\/wp\/v2\/types\/product"}],"wp:featuredmedia":[{"embeddable":true,"href":"https:\/\/goosmann-baumaschinen.de\/en\/wp-json\/wp\/v2\/media\/437"}],"wp:attachment":[{"href":"https:\/\/goosmann-baumaschinen.de\/en\/wp-json\/wp\/v2\/media?parent=1786"}],"wp:term":[{"taxonomy":"product_brand","embeddable":true,"href":"https:\/\/goosmann-baumaschinen.de\/en\/wp-json\/wp\/v2\/product_brand?post=1786"},{"taxonomy":"product_cat","embeddable":true,"href":"https:\/\/goosmann-baumaschinen.de\/en\/wp-json\/wp\/v2\/product_cat?post=1786"},{"taxonomy":"product_tag","embeddable":true,"href":"https:\/\/goosmann-baumaschinen.de\/en\/wp-json\/wp\/v2\/product_tag?post=1786"}],"curies":[{"name":"wp","href":"https:\/\/api.w.org\/{rel}","templated":true}]}}