{"id":24916,"date":"2025-06-04T14:29:21","date_gmt":"2025-06-04T12:29:21","guid":{"rendered":"https:\/\/www.goosmann-baumaschinen.de\/?post_type=product&#038;p=24916"},"modified":"2025-10-02T10:55:39","modified_gmt":"2025-10-02T08:55:39","slug":"grabenraeumloeffel-schwenkbar","status":"publish","type":"product","link":"https:\/\/goosmann-baumaschinen.de\/en\/produkt\/grabenraeumloeffel-schwenkbar\/","title":{"rendered":"Grabenr\u00e4uml\u00f6ffel schwenkbar"},"content":{"rendered":"","protected":false},"excerpt":{"rendered":"<p>Grabenr\u00e4umer schwenkbar 2 St\u00fcck vorhanden: 1 x 1600mm und 1 x 2000mm, beide auf OQ70\/55<\/p>\n","protected":false},"featured_media":24917,"template":"","meta":{"neve_meta_sidebar":"","neve_meta_container":"","neve_meta_enable_content_width":"off","neve_meta_content_width":100,"neve_meta_title_alignment":"","neve_meta_author_avatar":"","neve_post_elements_order":"","neve_meta_disable_header":"","neve_meta_disable_footer":"","neve_meta_disable_title":"","neve_meta_reading_time":""},"product_brand":[],"product_cat":[17],"product_tag":[],"class_list":{"0":"post-24916","1":"product","2":"type-product","3":"status-publish","4":"has-post-thumbnail","6":"product_cat-unkategorisiert","8":"first","9":"instock","10":"shipping-taxable","11":"product-type-simple"},"_links":{"self":[{"href":"https:\/\/goosmann-baumaschinen.de\/en\/wp-json\/wp\/v2\/product\/24916","targetHints":{"allow":["GET"]}}],"collection":[{"href":"https:\/\/goosmann-baumaschinen.de\/en\/wp-json\/wp\/v2\/product"}],"about":[{"href":"https:\/\/goosmann-baumaschinen.de\/en\/wp-json\/wp\/v2\/types\/product"}],"wp:featuredmedia":[{"embeddable":true,"href":"https:\/\/goosmann-baumaschinen.de\/en\/wp-json\/wp\/v2\/media\/24917"}],"wp:attachment":[{"href":"https:\/\/goosmann-baumaschinen.de\/en\/wp-json\/wp\/v2\/media?parent=24916"}],"wp:term":[{"taxonomy":"product_brand","embeddable":true,"href":"https:\/\/goosmann-baumaschinen.de\/en\/wp-json\/wp\/v2\/product_brand?post=24916"},{"taxonomy":"product_cat","embeddable":true,"href":"https:\/\/goosmann-baumaschinen.de\/en\/wp-json\/wp\/v2\/product_cat?post=24916"},{"taxonomy":"product_tag","embeddable":true,"href":"https:\/\/goosmann-baumaschinen.de\/en\/wp-json\/wp\/v2\/product_tag?post=24916"}],"curies":[{"name":"wp","href":"https:\/\/api.w.org\/{rel}","templated":true}]}}