{"id":26512,"date":"2025-08-13T07:45:04","date_gmt":"2025-08-13T05:45:04","guid":{"rendered":"https:\/\/www.goosmann-baumaschinen.de\/?post_type=product&#038;p=26512"},"modified":"2026-03-11T14:48:29","modified_gmt":"2026-03-11T13:48:29","slug":"hamm-hc-70i","status":"publish","type":"product","link":"https:\/\/goosmann-baumaschinen.de\/en\/produkt\/hamm-hc-70i\/","title":{"rendered":"Hamm HC 70i"},"content":{"rendered":"<p>Baujahr 2025<\/p>\n<p>Betriebsstunden 100<\/p>\n","protected":false},"excerpt":{"rendered":"<p>Abstreifer f\u00fcr Glattbandage, ROPS Kabine mit Heiz- und Klimaanlage, Lenks\u00e4ule neigbar, Beleuchtungspaket Stra\u00dfe, Radio, Hamm Compaction Meter, Geschwindigkeitsmesser, Frequenzanzeige Vibration, R\u00fcckfahralarm-lautst\u00e4rkeregulierend, Vibrationsautomatik, Arbeitsbeleuchtung auf Kabine, 4 fach, High Power LED,<\/p>\n","protected":false},"featured_media":26513,"template":"","meta":{"neve_meta_sidebar":"","neve_meta_container":"","neve_meta_enable_content_width":"off","neve_meta_content_width":100,"neve_meta_title_alignment":"","neve_meta_author_avatar":"","neve_post_elements_order":"","neve_meta_disable_header":"","neve_meta_disable_footer":"","neve_meta_disable_title":"","neve_meta_reading_time":""},"product_brand":[],"product_cat":[18,22,153],"product_tag":[],"class_list":{"0":"post-26512","1":"product","2":"type-product","3":"status-publish","4":"has-post-thumbnail","6":"product_cat-mietpark","7":"product_cat-verdichtungstechnik-ruettler-stampfer-walzen","8":"product_cat-walzen-2","10":"first","11":"instock","12":"shipping-taxable","13":"product-type-simple"},"_links":{"self":[{"href":"https:\/\/goosmann-baumaschinen.de\/en\/wp-json\/wp\/v2\/product\/26512","targetHints":{"allow":["GET"]}}],"collection":[{"href":"https:\/\/goosmann-baumaschinen.de\/en\/wp-json\/wp\/v2\/product"}],"about":[{"href":"https:\/\/goosmann-baumaschinen.de\/en\/wp-json\/wp\/v2\/types\/product"}],"wp:featuredmedia":[{"embeddable":true,"href":"https:\/\/goosmann-baumaschinen.de\/en\/wp-json\/wp\/v2\/media\/26513"}],"wp:attachment":[{"href":"https:\/\/goosmann-baumaschinen.de\/en\/wp-json\/wp\/v2\/media?parent=26512"}],"wp:term":[{"taxonomy":"product_brand","embeddable":true,"href":"https:\/\/goosmann-baumaschinen.de\/en\/wp-json\/wp\/v2\/product_brand?post=26512"},{"taxonomy":"product_cat","embeddable":true,"href":"https:\/\/goosmann-baumaschinen.de\/en\/wp-json\/wp\/v2\/product_cat?post=26512"},{"taxonomy":"product_tag","embeddable":true,"href":"https:\/\/goosmann-baumaschinen.de\/en\/wp-json\/wp\/v2\/product_tag?post=26512"}],"curies":[{"name":"wp","href":"https:\/\/api.w.org\/{rel}","templated":true}]}}