{"id":27164,"date":"2025-09-12T10:13:16","date_gmt":"2025-09-12T08:13:16","guid":{"rendered":"https:\/\/www.goosmann-baumaschinen.de\/?post_type=product&#038;p=27164"},"modified":"2025-09-18T16:47:36","modified_gmt":"2025-09-18T14:47:36","slug":"kubota-u50-5","status":"publish","type":"product","link":"https:\/\/goosmann-baumaschinen.de\/en\/produkt\/kubota-u50-5\/","title":{"rendered":"Kubota U50-5"},"content":{"rendered":"<p>Baujahr 2025<\/p>\n<p>Betriebsstunden 10<\/p>\n","protected":false},"excerpt":{"rendered":"<p>CE-Maschine, Hammer\/Scherenhydraulik, Schnellwechsler, Gummiketten, Rundumkennleuchte, Grabenl\u00f6ffel, Tiefenl\u00f6ffel, Grabenr\u00e4umer, Schnellwechsler, Hammer-Dreh und Greiferhydraulik, Komfortkabine, Gummiketten, Klima, alle Angebote freibleibend zzgl. gesetzlicher MwSt. ab Standort, es gelten unsere AGB\u00b4s \/ Irrt\u00fcmer vorbehalten!<\/p>\n","protected":false},"featured_media":27165,"template":"","meta":{"neve_meta_sidebar":"","neve_meta_container":"","neve_meta_enable_content_width":"off","neve_meta_content_width":100,"neve_meta_title_alignment":"","neve_meta_author_avatar":"","neve_post_elements_order":"","neve_meta_disable_header":"","neve_meta_disable_footer":"","neve_meta_disable_title":"","neve_meta_reading_time":""},"product_brand":[],"product_cat":[19,146,32],"product_tag":[],"class_list":{"0":"post-27164","1":"product","2":"type-product","3":"status-publish","4":"has-post-thumbnail","6":"product_cat-bagger","7":"product_cat-minibagger","8":"product_cat-vertriebspartner-kubota-baumaschinen","10":"first","11":"instock","12":"shipping-taxable","13":"product-type-simple"},"_links":{"self":[{"href":"https:\/\/goosmann-baumaschinen.de\/en\/wp-json\/wp\/v2\/product\/27164","targetHints":{"allow":["GET"]}}],"collection":[{"href":"https:\/\/goosmann-baumaschinen.de\/en\/wp-json\/wp\/v2\/product"}],"about":[{"href":"https:\/\/goosmann-baumaschinen.de\/en\/wp-json\/wp\/v2\/types\/product"}],"wp:featuredmedia":[{"embeddable":true,"href":"https:\/\/goosmann-baumaschinen.de\/en\/wp-json\/wp\/v2\/media\/27165"}],"wp:attachment":[{"href":"https:\/\/goosmann-baumaschinen.de\/en\/wp-json\/wp\/v2\/media?parent=27164"}],"wp:term":[{"taxonomy":"product_brand","embeddable":true,"href":"https:\/\/goosmann-baumaschinen.de\/en\/wp-json\/wp\/v2\/product_brand?post=27164"},{"taxonomy":"product_cat","embeddable":true,"href":"https:\/\/goosmann-baumaschinen.de\/en\/wp-json\/wp\/v2\/product_cat?post=27164"},{"taxonomy":"product_tag","embeddable":true,"href":"https:\/\/goosmann-baumaschinen.de\/en\/wp-json\/wp\/v2\/product_tag?post=27164"}],"curies":[{"name":"wp","href":"https:\/\/api.w.org\/{rel}","templated":true}]}}