{"id":27630,"date":"2025-10-08T15:25:38","date_gmt":"2025-10-08T13:25:38","guid":{"rendered":"https:\/\/www.goosmann-baumaschinen.de\/?post_type=product&#038;p=27630"},"modified":"2025-10-08T15:25:39","modified_gmt":"2025-10-08T13:25:39","slug":"kramer-5509-ecospeed-pro","status":"publish","type":"product","link":"https:\/\/goosmann-baumaschinen.de\/en\/produkt\/kramer-5509-ecospeed-pro\/","title":{"rendered":"Kramer 5509 Ecospeed pro"},"content":{"rendered":"<p>Baujahr 2021<\/p>\n<p>Betriebsstunden 2647<\/p>\n","protected":false},"excerpt":{"rendered":"<p>Zentralschmierung, Klima, Druckentlastung 3ter Steuerkreis, Steckdose f\u00fcr Front- und Heckanbauger\u00e4te, gro\u00dfes Lampenpaket, R\u00fcckfahrkamera, Klima, Zusatzsteuerkreis Kipper<\/p>\n","protected":false},"featured_media":27631,"template":"","meta":{"neve_meta_sidebar":"","neve_meta_container":"","neve_meta_enable_content_width":"off","neve_meta_content_width":100,"neve_meta_title_alignment":"","neve_meta_author_avatar":"","neve_post_elements_order":"","neve_meta_disable_header":"","neve_meta_disable_footer":"","neve_meta_disable_title":"","neve_meta_reading_time":""},"product_brand":[],"product_cat":[18,23,26],"product_tag":[],"class_list":{"0":"post-27630","1":"product","2":"type-product","3":"status-publish","4":"has-post-thumbnail","6":"product_cat-mietpark","7":"product_cat-teleskoplader","8":"product_cat-vertriebspartner-kramer","10":"first","11":"instock","12":"shipping-taxable","13":"product-type-simple"},"_links":{"self":[{"href":"https:\/\/goosmann-baumaschinen.de\/en\/wp-json\/wp\/v2\/product\/27630","targetHints":{"allow":["GET"]}}],"collection":[{"href":"https:\/\/goosmann-baumaschinen.de\/en\/wp-json\/wp\/v2\/product"}],"about":[{"href":"https:\/\/goosmann-baumaschinen.de\/en\/wp-json\/wp\/v2\/types\/product"}],"wp:featuredmedia":[{"embeddable":true,"href":"https:\/\/goosmann-baumaschinen.de\/en\/wp-json\/wp\/v2\/media\/27631"}],"wp:attachment":[{"href":"https:\/\/goosmann-baumaschinen.de\/en\/wp-json\/wp\/v2\/media?parent=27630"}],"wp:term":[{"taxonomy":"product_brand","embeddable":true,"href":"https:\/\/goosmann-baumaschinen.de\/en\/wp-json\/wp\/v2\/product_brand?post=27630"},{"taxonomy":"product_cat","embeddable":true,"href":"https:\/\/goosmann-baumaschinen.de\/en\/wp-json\/wp\/v2\/product_cat?post=27630"},{"taxonomy":"product_tag","embeddable":true,"href":"https:\/\/goosmann-baumaschinen.de\/en\/wp-json\/wp\/v2\/product_tag?post=27630"}],"curies":[{"name":"wp","href":"https:\/\/api.w.org\/{rel}","templated":true}]}}