{"id":28200,"date":"2025-12-10T15:11:58","date_gmt":"2025-12-10T14:11:58","guid":{"rendered":"https:\/\/goosmann-baumaschinen.de\/?post_type=product&#038;p=28200"},"modified":"2025-12-10T15:44:40","modified_gmt":"2025-12-10T14:44:40","slug":"cat-326-fln","status":"publish","type":"product","link":"https:\/\/goosmann-baumaschinen.de\/en\/produkt\/cat-326-fln\/","title":{"rendered":"CAT 326 FLN"},"content":{"rendered":"<p>Baujahr 2017<\/p>\n<p>Betriebsstunden 9206<\/p>\n","protected":false},"excerpt":{"rendered":"<p>Tiefenl\u00f6ffel, Oilquick OQ80, R\u00fcckfahrkamera, Zentralschmierung, Abbruchgitter, Dreh und Greiferhydraulik, R\u00fcckfahrkamera, 600er Bodenplatten<\/p>\n","protected":false},"featured_media":28201,"template":"","meta":{"neve_meta_sidebar":"","neve_meta_container":"","neve_meta_enable_content_width":"off","neve_meta_content_width":100,"neve_meta_title_alignment":"","neve_meta_author_avatar":"","neve_post_elements_order":"","neve_meta_disable_header":"","neve_meta_disable_footer":"","neve_meta_disable_title":"","neve_meta_reading_time":""},"product_brand":[],"product_cat":[19,143],"product_tag":[],"class_list":{"0":"post-28200","1":"product","2":"type-product","3":"status-publish","4":"has-post-thumbnail","6":"product_cat-bagger","7":"product_cat-raupenbagger-bagger","9":"first","10":"instock","11":"shipping-taxable","12":"product-type-simple"},"_links":{"self":[{"href":"https:\/\/goosmann-baumaschinen.de\/en\/wp-json\/wp\/v2\/product\/28200","targetHints":{"allow":["GET"]}}],"collection":[{"href":"https:\/\/goosmann-baumaschinen.de\/en\/wp-json\/wp\/v2\/product"}],"about":[{"href":"https:\/\/goosmann-baumaschinen.de\/en\/wp-json\/wp\/v2\/types\/product"}],"wp:featuredmedia":[{"embeddable":true,"href":"https:\/\/goosmann-baumaschinen.de\/en\/wp-json\/wp\/v2\/media\/28201"}],"wp:attachment":[{"href":"https:\/\/goosmann-baumaschinen.de\/en\/wp-json\/wp\/v2\/media?parent=28200"}],"wp:term":[{"taxonomy":"product_brand","embeddable":true,"href":"https:\/\/goosmann-baumaschinen.de\/en\/wp-json\/wp\/v2\/product_brand?post=28200"},{"taxonomy":"product_cat","embeddable":true,"href":"https:\/\/goosmann-baumaschinen.de\/en\/wp-json\/wp\/v2\/product_cat?post=28200"},{"taxonomy":"product_tag","embeddable":true,"href":"https:\/\/goosmann-baumaschinen.de\/en\/wp-json\/wp\/v2\/product_tag?post=28200"}],"curies":[{"name":"wp","href":"https:\/\/api.w.org\/{rel}","templated":true}]}}