{"id":28825,"date":"2026-01-21T14:46:14","date_gmt":"2026-01-21T13:46:14","guid":{"rendered":"https:\/\/goosmann-baumaschinen.de\/?post_type=product&#038;p=28825"},"modified":"2026-01-21T14:46:16","modified_gmt":"2026-01-21T13:46:16","slug":"kubota-kx-019-4-156","status":"publish","type":"product","link":"https:\/\/goosmann-baumaschinen.de\/en\/produkt\/kubota-kx-019-4-156\/","title":{"rendered":"Kubota KX 019-4 (156)"},"content":{"rendered":"<p>Baujahr 2022<\/p>\n<p>Betriebsstunden 1009<\/p>\n","protected":false},"excerpt":{"rendered":"<p>Tiefenl\u00f6ffel, Schnellwechsler, Hammer-Dreh und Greiferhydraulik, verstellbarer Unterwagen, langer L\u00f6ffelstiel, Schildabst\u00fctzung<\/p>\n","protected":false},"featured_media":28826,"template":"","meta":{"neve_meta_sidebar":"","neve_meta_container":"","neve_meta_enable_content_width":"off","neve_meta_content_width":100,"neve_meta_title_alignment":"","neve_meta_author_avatar":"","neve_post_elements_order":"","neve_meta_disable_header":"","neve_meta_disable_footer":"","neve_meta_disable_title":"","neve_meta_reading_time":""},"product_brand":[],"product_cat":[19,146],"product_tag":[],"class_list":{"0":"post-28825","1":"product","2":"type-product","3":"status-publish","4":"has-post-thumbnail","6":"product_cat-bagger","7":"product_cat-minibagger","9":"first","10":"instock","11":"shipping-taxable","12":"product-type-simple"},"_links":{"self":[{"href":"https:\/\/goosmann-baumaschinen.de\/en\/wp-json\/wp\/v2\/product\/28825","targetHints":{"allow":["GET"]}}],"collection":[{"href":"https:\/\/goosmann-baumaschinen.de\/en\/wp-json\/wp\/v2\/product"}],"about":[{"href":"https:\/\/goosmann-baumaschinen.de\/en\/wp-json\/wp\/v2\/types\/product"}],"wp:featuredmedia":[{"embeddable":true,"href":"https:\/\/goosmann-baumaschinen.de\/en\/wp-json\/wp\/v2\/media\/28826"}],"wp:attachment":[{"href":"https:\/\/goosmann-baumaschinen.de\/en\/wp-json\/wp\/v2\/media?parent=28825"}],"wp:term":[{"taxonomy":"product_brand","embeddable":true,"href":"https:\/\/goosmann-baumaschinen.de\/en\/wp-json\/wp\/v2\/product_brand?post=28825"},{"taxonomy":"product_cat","embeddable":true,"href":"https:\/\/goosmann-baumaschinen.de\/en\/wp-json\/wp\/v2\/product_cat?post=28825"},{"taxonomy":"product_tag","embeddable":true,"href":"https:\/\/goosmann-baumaschinen.de\/en\/wp-json\/wp\/v2\/product_tag?post=28825"}],"curies":[{"name":"wp","href":"https:\/\/api.w.org\/{rel}","templated":true}]}}