{"id":29026,"date":"2026-02-03T09:54:00","date_gmt":"2026-02-03T08:54:00","guid":{"rendered":"https:\/\/goosmann-baumaschinen.de\/?post_type=product&#038;p=29026"},"modified":"2026-02-03T09:54:01","modified_gmt":"2026-02-03T08:54:01","slug":"kramer-8115","status":"publish","type":"product","link":"https:\/\/goosmann-baumaschinen.de\/en\/produkt\/kramer-8115\/","title":{"rendered":"Kramer 8115"},"content":{"rendered":"<p>Baujahr 2018<\/p>\n<p>Betriebsstunden 1590<\/p>\n","protected":false},"excerpt":{"rendered":"<p>Normalschaufel, Palettengabel, Schnellwechsler, 3ter Steuerkreis, R\u00fcckfahrkamera, gro\u00dfes Lampenpaket, Anh\u00e4ngerkupplung, 40 km\/H, 74,4kW\/2300min<\/p>\n","protected":false},"featured_media":29027,"template":"","meta":{"neve_meta_sidebar":"","neve_meta_container":"","neve_meta_enable_content_width":"off","neve_meta_content_width":100,"neve_meta_title_alignment":"","neve_meta_author_avatar":"","neve_post_elements_order":"","neve_meta_disable_header":"","neve_meta_disable_footer":"","neve_meta_disable_title":"","neve_meta_reading_time":""},"product_brand":[],"product_cat":[20,26],"product_tag":[],"class_list":{"0":"post-29026","1":"product","2":"type-product","3":"status-publish","4":"has-post-thumbnail","6":"product_cat-radlader-radlader","7":"product_cat-vertriebspartner-kramer","9":"first","10":"instock","11":"shipping-taxable","12":"product-type-simple"},"_links":{"self":[{"href":"https:\/\/goosmann-baumaschinen.de\/en\/wp-json\/wp\/v2\/product\/29026","targetHints":{"allow":["GET"]}}],"collection":[{"href":"https:\/\/goosmann-baumaschinen.de\/en\/wp-json\/wp\/v2\/product"}],"about":[{"href":"https:\/\/goosmann-baumaschinen.de\/en\/wp-json\/wp\/v2\/types\/product"}],"wp:featuredmedia":[{"embeddable":true,"href":"https:\/\/goosmann-baumaschinen.de\/en\/wp-json\/wp\/v2\/media\/29027"}],"wp:attachment":[{"href":"https:\/\/goosmann-baumaschinen.de\/en\/wp-json\/wp\/v2\/media?parent=29026"}],"wp:term":[{"taxonomy":"product_brand","embeddable":true,"href":"https:\/\/goosmann-baumaschinen.de\/en\/wp-json\/wp\/v2\/product_brand?post=29026"},{"taxonomy":"product_cat","embeddable":true,"href":"https:\/\/goosmann-baumaschinen.de\/en\/wp-json\/wp\/v2\/product_cat?post=29026"},{"taxonomy":"product_tag","embeddable":true,"href":"https:\/\/goosmann-baumaschinen.de\/en\/wp-json\/wp\/v2\/product_tag?post=29026"}],"curies":[{"name":"wp","href":"https:\/\/api.w.org\/{rel}","templated":true}]}}