{"id":29983,"date":"2026-04-10T10:01:34","date_gmt":"2026-04-10T08:01:34","guid":{"rendered":"https:\/\/goosmann-baumaschinen.de\/?post_type=product&#038;p=29983"},"modified":"2026-04-10T10:01:35","modified_gmt":"2026-04-10T08:01:35","slug":"volvo-l110h","status":"publish","type":"product","link":"https:\/\/goosmann-baumaschinen.de\/en\/produkt\/volvo-l110h\/","title":{"rendered":"Volvo L110H"},"content":{"rendered":"<p>Baujahr 2018<\/p>\n<p>Betriebsstunden 11823<\/p>\n","protected":false},"excerpt":{"rendered":"<p>Normalschaufel, Klima incl. Klimaautomatik, R\u00fcckfahrkamera, BSS-Hubger\u00fcstd\u00e4mpfung, Anh\u00e4ngerkupplung, Zyklonvorreiniger Turbo, Umkehrl\u00fcfter, Zentralschmierung, R\u00fcckfahrblitzer,<\/p>\n","protected":false},"featured_media":29985,"template":"","meta":{"neve_meta_sidebar":"","neve_meta_container":"","neve_meta_enable_content_width":"off","neve_meta_content_width":100,"neve_meta_title_alignment":"","neve_meta_author_avatar":"","neve_post_elements_order":"","neve_meta_disable_header":"","neve_meta_disable_footer":"","neve_meta_disable_title":"","neve_meta_reading_time":""},"product_brand":[],"product_cat":[20],"product_tag":[],"class_list":{"0":"post-29983","1":"product","2":"type-product","3":"status-publish","4":"has-post-thumbnail","6":"product_cat-radlader-radlader","8":"first","9":"instock","10":"shipping-taxable","11":"product-type-simple"},"_links":{"self":[{"href":"https:\/\/goosmann-baumaschinen.de\/en\/wp-json\/wp\/v2\/product\/29983","targetHints":{"allow":["GET"]}}],"collection":[{"href":"https:\/\/goosmann-baumaschinen.de\/en\/wp-json\/wp\/v2\/product"}],"about":[{"href":"https:\/\/goosmann-baumaschinen.de\/en\/wp-json\/wp\/v2\/types\/product"}],"wp:featuredmedia":[{"embeddable":true,"href":"https:\/\/goosmann-baumaschinen.de\/en\/wp-json\/wp\/v2\/media\/29985"}],"wp:attachment":[{"href":"https:\/\/goosmann-baumaschinen.de\/en\/wp-json\/wp\/v2\/media?parent=29983"}],"wp:term":[{"taxonomy":"product_brand","embeddable":true,"href":"https:\/\/goosmann-baumaschinen.de\/en\/wp-json\/wp\/v2\/product_brand?post=29983"},{"taxonomy":"product_cat","embeddable":true,"href":"https:\/\/goosmann-baumaschinen.de\/en\/wp-json\/wp\/v2\/product_cat?post=29983"},{"taxonomy":"product_tag","embeddable":true,"href":"https:\/\/goosmann-baumaschinen.de\/en\/wp-json\/wp\/v2\/product_tag?post=29983"}],"curies":[{"name":"wp","href":"https:\/\/api.w.org\/{rel}","templated":true}]}}